{"id":2,"date":"2009-04-06T02:45:04","date_gmt":"2009-04-06T00:45:04","guid":{"rendered":"http:\/\/www.editorialtleo.com\/blog\/?page_id=2"},"modified":"2009-04-06T02:45:04","modified_gmt":"2009-04-06T00:45:04","slug":"informaci\u00f3n","status":"publish","type":"page","link":"http:\/\/www.editorialtleo.com\/blog\/?page_id=2","title":{"rendered":"Informaci\u00f3n"},"content":{"rendered":"<p>Esto es un ejemplo de p\u00e1gina de WordPress, puedes editarla para mostrar informaci\u00f3n acerca de ti o tu sitio; as\u00ed, los lectores sabr\u00e1n a qu\u00e9 atenerse. Puedes crear tantas p\u00e1ginas o subp\u00e1ginas cuantas quieras y organizar su contenido dentro de WordPress.<\/p>\n","protected":false},"excerpt":{"rendered":"<p>Esto es un ejemplo de p\u00e1gina de WordPress, puedes editarla para mostrar informaci\u00f3n acerca de ti o tu sitio; as\u00ed, los lectores sabr\u00e1n a qu\u00e9 atenerse. Puedes crear tantas p\u00e1ginas o subp\u00e1ginas cuantas quieras y organizar su contenido dentro de WordPress.<\/p>\n","protected":false},"author":1,"featured_media":0,"parent":0,"menu_order":0,"comment_status":"open","ping_status":"open","template":"","meta":{"footnotes":""},"_links":{"self":[{"href":"http:\/\/www.editorialtleo.com\/blog\/index.php?rest_route=\/wp\/v2\/pages\/2"}],"collection":[{"href":"http:\/\/www.editorialtleo.com\/blog\/index.php?rest_route=\/wp\/v2\/pages"}],"about":[{"href":"http:\/\/www.editorialtleo.com\/blog\/index.php?rest_route=\/wp\/v2\/types\/page"}],"author":[{"embeddable":true,"href":"http:\/\/www.editorialtleo.com\/blog\/index.php?rest_route=\/wp\/v2\/users\/1"}],"replies":[{"embeddable":true,"href":"http:\/\/www.editorialtleo.com\/blog\/index.php?rest_route=%2Fwp%2Fv2%2Fcomments&post=2"}],"version-history":[{"count":1,"href":"http:\/\/www.editorialtleo.com\/blog\/index.php?rest_route=\/wp\/v2\/pages\/2\/revisions"}],"predecessor-version":[{"id":3,"href":"http:\/\/www.editorialtleo.com\/blog\/index.php?rest_route=\/wp\/v2\/pages\/2\/revisions\/3"}],"wp:attachment":[{"href":"http:\/\/www.editorialtleo.com\/blog\/index.php?rest_route=%2Fwp%2Fv2%2Fmedia&parent=2"}],"curies":[{"name":"wp","href":"https:\/\/api.w.org\/{rel}","templated":true}]}}